{"id":4,"date":"2024-07-16T11:12:18","date_gmt":"2024-07-16T11:12:18","guid":{"rendered":"https:\/\/eventgruen.online\/startseite\/"},"modified":"2025-06-30T06:41:56","modified_gmt":"2025-06-30T06:41:56","slug":"startseite","status":"publish","type":"page","link":"https:\/\/www.winter-markiertechnik.com\/en\/","title":{"rendered":"Startseite"},"content":{"rendered":"<div data-elementor-type=\"wp-page\" data-elementor-id=\"4\" class=\"elementor elementor-4\" data-elementor-post-type=\"page\">\n\t\t\t\t<div class=\"elementor-element elementor-element-44b6f625 e-con-full e-flex e-con e-parent\" data-id=\"44b6f625\" data-element_type=\"container\" data-settings=\"{&quot;background_background&quot;:&quot;slideshow&quot;,&quot;background_slideshow_gallery&quot;:[{&quot;id&quot;:43935,&quot;url&quot;:&quot;https:\\\/\\\/www.winter-markiertechnik.com\\\/wp-content\\\/uploads\\\/2025\\\/03\\\/L_04-DSC_5913-scaled.jpg&quot;}],&quot;background_slideshow_loop&quot;:&quot;yes&quot;,&quot;background_slideshow_slide_duration&quot;:5000,&quot;background_slideshow_slide_transition&quot;:&quot;fade&quot;,&quot;background_slideshow_transition_duration&quot;:500}\">\n\t\t<div class=\"elementor-element elementor-element-4bd74ffa e-con-full e-flex e-con e-child\" data-id=\"4bd74ffa\" data-element_type=\"container\" data-settings=\"{&quot;background_background&quot;:&quot;classic&quot;}\">\n\t\t\t\t<div class=\"elementor-element elementor-element-3c193452 elementor-widget-tablet__width-initial elementor-widget elementor-widget-heading\" data-id=\"3c193452\" data-element_type=\"widget\" data-widget_type=\"heading.default\">\n\t\t\t\t<div class=\"elementor-widget-container\">\n\t\t\t\t\t<h1 class=\"elementor-heading-title elementor-size-default\">Innovative development <br>for your success!<\/h1>\t\t\t\t<\/div>\n\t\t\t\t<\/div>\n\t\t\t\t<div class=\"elementor-element elementor-element-202fe37 elementor-widget__width-initial elementor-widget-mobile__width-inherit elementor-widget elementor-widget-text-editor\" data-id=\"202fe37\" data-element_type=\"widget\" data-widget_type=\"text-editor.default\">\n\t\t\t\t<div class=\"elementor-widget-container\">\n\t\t\t\t\t\t\t\t\t<p>We put the needs of the customer at the center<\/p>\t\t\t\t\t\t\t\t<\/div>\n\t\t\t\t<\/div>\n\t\t\t\t<\/div>\n\t\t\t\t<\/div>\n\t\t<div class=\"elementor-element elementor-element-4f4d092e e-con-full e-flex e-con e-parent\" data-id=\"4f4d092e\" data-element_type=\"container\" data-settings=\"{&quot;background_background&quot;:&quot;classic&quot;}\">\n\t\t<div class=\"elementor-element elementor-element-2c2f9e50 e-con-full e-flex e-con e-child\" data-id=\"2c2f9e50\" data-element_type=\"container\">\n\t\t\t\t<div class=\"elementor-element elementor-element-415f1628 elementor-widget elementor-widget-heading\" data-id=\"415f1628\" data-element_type=\"widget\" data-widget_type=\"heading.default\">\n\t\t\t\t<div class=\"elementor-widget-container\">\n\t\t\t\t\t<h2 class=\"elementor-heading-title elementor-size-default\">This is WINTER<\/h2>\t\t\t\t<\/div>\n\t\t\t\t<\/div>\n\t\t\t\t<div class=\"elementor-element elementor-element-e6ffc55 elementor-widget elementor-widget-text-editor\" data-id=\"e6ffc55\" data-element_type=\"widget\" data-widget_type=\"text-editor.default\">\n\t\t\t\t<div class=\"elementor-widget-container\">\n\t\t\t\t\t\t\t\t\t<p>With its know-how in road construction, WINTER Markiertechnik GmbH has been specialised in developing and producing innovative and high-performance road marking machinery. The WINTER Markiertechnik GmbH range of products offers the most suitable machine technology for every marking project \u2013 be it focused on structure markings, thick-layer markings or spray applications using the AIRSPRAY, AIRLESS or hot spray procedures \u2013 from handheld devices and maximumcapacity road marking lorries, to specialised equipment and machinery.<\/p><p>Accessory units, such as road lane driers, demarking millers, thermoplastic pre-heaters and bead dispensers, complement the product range.\nOur comprehensive warehouse, efficient logistics operations and the servicing and emergency teams guarantee short response and support times even in emergencies \u2013 around the clock and even on construction sites.<\/p>\t\t\t\t\t\t\t\t<\/div>\n\t\t\t\t<\/div>\n\t\t\t\t<div class=\"elementor-element elementor-element-6edcc2ce elementor-align-left elementor-mobile-align-center elementor-tablet-align-center elementor-widget elementor-widget-button\" data-id=\"6edcc2ce\" data-element_type=\"widget\" data-widget_type=\"button.default\">\n\t\t\t\t<div class=\"elementor-widget-container\">\n\t\t\t\t\t\t\t\t\t<div class=\"elementor-button-wrapper\">\n\t\t\t\t\t<a class=\"elementor-button elementor-button-link elementor-size-sm elementor-animation-grow\" href=\"https:\/\/www.winter-markiertechnik.com\/en\/about\/\">\n\t\t\t\t\t\t<span class=\"elementor-button-content-wrapper\">\n\t\t\t\t\t\t\t\t\t<span class=\"elementor-button-text\">More about Winter<\/span>\n\t\t\t\t\t<\/span>\n\t\t\t\t\t<\/a>\n\t\t\t\t<\/div>\n\t\t\t\t\t\t\t\t<\/div>\n\t\t\t\t<\/div>\n\t\t\t\t<\/div>\n\t\t\t\t<div class=\"elementor-element elementor-element-3aa91a9d elementor-widget__width-initial elementor-widget-tablet__width-inherit elementor-widget elementor-widget-image\" data-id=\"3aa91a9d\" data-element_type=\"widget\" data-widget_type=\"image.default\">\n\t\t\t\t<div class=\"elementor-widget-container\">\n\t\t\t\t\t\t\t\t\t\t\t\t\t\t\t<img fetchpriority=\"high\" decoding=\"async\" width=\"800\" height=\"552\" src=\"https:\/\/www.winter-markiertechnik.com\/wp-content\/uploads\/2025\/03\/Rollscheiben-sw-11.bmp\" class=\"attachment-large size-large wp-image-43851\" alt=\"\" \/>\t\t\t\t\t\t\t\t\t\t\t\t\t\t\t<\/div>\n\t\t\t\t<\/div>\n\t\t\t\t<\/div>\n\t\t<div class=\"elementor-element elementor-element-4a638f6 e-flex e-con-boxed e-con e-parent\" data-id=\"4a638f6\" data-element_type=\"container\">\n\t\t\t\t\t<div class=\"e-con-inner\">\n\t\t\t\t<div class=\"elementor-element elementor-element-e73b401 elementor-widget elementor-widget-heading\" data-id=\"e73b401\" data-element_type=\"widget\" data-widget_type=\"heading.default\">\n\t\t\t\t<div class=\"elementor-widget-container\">\n\t\t\t\t\t<h1 class=\"elementor-heading-title elementor-size-default\">Latest news<\/h1>\t\t\t\t<\/div>\n\t\t\t\t<\/div>\n\t\t\t\t<div class=\"elementor-element elementor-element-1e675cb elementor-widget elementor-widget-ucaddon_post_grid\" data-id=\"1e675cb\" data-element_type=\"widget\" data-widget_type=\"ucaddon_post_grid.default\">\n\t\t\t\t<div class=\"elementor-widget-container\">\n\t\t\t\t\t\n<!-- start Post Grid -->\n\t\t<link id='font-awesome-css' href='https:\/\/www.winter-markiertechnik.com\/wp-content\/plugins\/unlimited-elements-for-elementor-premium\/assets_libraries\/font-awesome6\/fontawesome-all.min.css' type='text\/css' rel='stylesheet' >\n\t\t<link id='font-awesome-4-shim-css' href='https:\/\/www.winter-markiertechnik.com\/wp-content\/plugins\/unlimited-elements-for-elementor-premium\/assets_libraries\/font-awesome6\/fontawesome-v4-shims.min.css' type='text\/css' rel='stylesheet' >\n\n<style>\/* widget: Post Grid *\/\n\n\n\n#uc_post_grid_elementor_1e675cb{\n  min-height: 1px;\n}\n\n#uc_post_grid_elementor_1e675cb.uc_post_grid_style_one .uc_post_grid_style_one_wrap {\n   display:grid;\n}\n\n\n#uc_post_grid_elementor_1e675cb .uc_post_grid_style_one_item{\n  position:relative;\n}\n\n#uc_post_grid_elementor_1e675cb .uc_post_image{\n  transition:0.3s;\n  position:relative;\n  overflow:hidden;\n}\n\n#uc_post_grid_elementor_1e675cb .uc_post_image img{\n  width:100%;\n  display:block;\n  transition:0.3s;\n}\n\n\t\n\n#uc_post_grid_elementor_1e675cb .uc_post_image_overlay{\n  position:absolute;\n  top:0px;\n  left:0px;\n  height:100%;\n  width:100%;\n  transition:0.3s;\n}\n\n#uc_post_grid_elementor_1e675cb .uc_more_btn-custom-field{\n  display:inline-block;\n  text-align:center;\n  text-decoration:none;\n  transition:0.3s;\n}\n\n#uc_post_grid_elementor_1e675cb .uc_more_btn{\n  display:inline-block;\n  text-align:center;\n  text-decoration:none;\n  transition:0.3s;\n}\n\n.ue-grid-item-category a{\n  display:inline-block;\n  font-size:10px;\n  position: relative;\n  z-index: 1;\n}\n\n\n.uc_post_title{\n  font-size:21px;\n}\n\n\n\n  #uc_post_grid_elementor_1e675cb:not(.ue-list-view) .ue_post_grid_item{\n    display:flex;\n    flex-direction:column;\n  }\n\n  #uc_post_grid_elementor_1e675cb.uc_post_grid_style_one:not(.ue-list-view) .uc_content{\n   flex-grow:1;\n  }\n\n  #uc_post_grid_elementor_1e675cb.uc_post_grid_style_one .uc_content > div{\n    height:100%;\n    display:flex;\n    flex-direction:column;\n    justify-content: space-between;  }\n\n    #uc_post_grid_elementor_1e675cb .uc_post_button   {\n     margin-top:auto;\n   }\n  \n\n\n\n\n\n\n\n\n\n\n\n\n\/*  for grid\/list layout switcher*\/\n\t#uc_post_grid_elementor_1e675cb.ue-list-view .uc_post_grid_style_one_item {\n     display:flex;  \n     flex-direction:row;\n    }\n    #uc_post_grid_elementor_1e675cb.ue-list-view .uc_post_grid_style_one_item > div{\n     width:50%;\n    }\n   \n    #uc_post_grid_elementor_1e675cb.ue-list-view .uc_content    {\n      display:flex;\n      flex-direction:column;\n      justify-content:center;\n    }\n \n\/*  for grid\/list layout switcher*\/\n\n#uc_post_grid_elementor_1e675cb .ue-meta-data{  \n  display:flex !important;\n  flex-wrap: wrap;\n  line-height:1em;\n}\n\n#uc_post_grid_elementor_1e675cb .ue-grid-item-meta-data{\n  display:inline-flex;\n  align-items:center;\n}\n\n#uc_post_grid_elementor_1e675cb .ue-grid-item-meta-data a{\n  color:inherit;\n}\n\n.ue-grid-item-meta-data{\n  font-size:12px;\n}\n\n#uc_post_grid_elementor_1e675cb .ue-grid-item-meta-data-icon{\n  line-height:1em;\n}\n\n#uc_post_grid_elementor_1e675cb .ue-grid-item-meta-data-icon svg{\n  width:1em;\n  height:1em;\n}\n\n#uc_post_grid_elementor_1e675cb .ue-debug-meta{\n  padding:10px;\n  border:1px solid red;\n  position:relative;\n  line-height:1.5em;\n  font-size:11px;\n  width:100%;\n}\n\n#uc_post_grid_elementor_1e675cb .uc_btn_inner{\n  display:inline-flex;\n  align-items:center;\n  pointer-events:none;\n}\n\n#uc_post_grid_elementor_1e675cb .uc_btn_inner svg{\n  width:1em;\n  height:1em;\n}\n#uc_post_grid_elementor_1e675cb .ue_p_title{\n  pointer-events:none;\n}\n\n\n#uc_post_grid_elementor_1e675cb .uc_content_inner{\n  width: 100%;\n}\n\n\n#uc_post_grid_elementor_1e675cb .view-switcher-button{\n  display: flex;\n  align-items: center;\n}\n\n#uc_post_grid_elementor_1e675cb .view-switcher-icon{\n  display: flex;\n  align-items: center;\n  line-height: 1;\n  cursor: pointer;\n  transition: all .3s ease;\n}\n\n#uc_post_grid_elementor_1e675cb .view-switcher-icon svg{\n  height:1em;\n  width:1em;\n}\n\n#uc_post_grid_elementor_1e675cb .view-switcher-icon.ue-hidden{\n  display: none;\n}\n\n\n#uc_post_grid_elementor_1e675cb_item1 [href=\"javascript:void(0)\"]{\n  cursor: unset;\n}\n\n\n#uc_post_grid_elementor_1e675cb_item2 [href=\"javascript:void(0)\"]{\n  cursor: unset;\n}\n\n\n#uc_post_grid_elementor_1e675cb_item3 [href=\"javascript:void(0)\"]{\n  cursor: unset;\n}\n\n\n#uc_post_grid_elementor_1e675cb_item4 [href=\"javascript:void(0)\"]{\n  cursor: unset;\n}\n\n\n<\/style>\n\n<div class=\"uc_post_grid_style_one\" id=\"uc_post_grid_elementor_1e675cb\"  >\n  \t\n  <div class=\"uc_post_grid_style_one_wrap ue_post_grid uc-items-wrapper ue-woo-grid\">\n\t\t\t\n\n\n\n<div id=\"uc_post_grid_elementor_1e675cb_item1\" class=\"uc_post_grid_style_one_item ue_post_grid_item ue-item\">\n  \n      <a class=\"uc_post_grid_style_one_image\" href='https:\/\/www.winter-markiertechnik.com\/en\/unser-kundendienst-ist-immer-fuer-sie-da\/' target=\"_self\">\n     <div class=\"uc_post_image\">\n       <img decoding=\"async\" src=\"https:\/\/www.winter-markiertechnik.com\/wp-content\/uploads\/2025\/07\/servicehotline_website_winter.png\"  alt=\"servicehotline_website_winter\" width=\"1801\" height=\"1595\">\n       <div class=\"uc_post_image_overlay\"><\/div>\n     <\/div>\n    <\/a>\n   \n  <div class=\"uc_content\">\n    <div class=\"uc_content_inner\">\n      <div class=\"uc_content-info-wrapper\" >\n        \n       \n              \n\n            \t\t\t<div class=\"uc_post_title\"><a class=\"\" href='https:\/\/www.winter-markiertechnik.com\/en\/unser-kundendienst-ist-immer-fuer-sie-da\/' target=\"_self\"><div class=\"ue_p_title\">Unser Kundendienst ist immer f\u00fcr Sie da!<\/div><\/a><\/div>\n      \t\n                      \n       \n        <div class=\"ue-meta-data\">\n            \n                \t    \n                \n        \n\t\n                \n                \n                \n                \n    \t\t\t\n      \n            \n  <\/div>\t\n      \t<div class=\"uc_post_text\">Haben Sie einen&nbsp;Notfall&nbsp;au\u00dferhalb unserer regul\u00e4ren B\u00fcrozeiten? Kein Problem! Wir haben eine&nbsp;neue...<\/div>\n     \n                 \n                            \n                                  \n     <\/div>                      \n           <div class=\"uc_post_button\">\n        \n        <a class=\"uc_more_btn\" target=\"_self\" href='https:\/\/www.winter-markiertechnik.com\/en\/unser-kundendienst-ist-immer-fuer-sie-da\/'>\n          <div class=\"uc_btn_inner\">\n            <div class=\"uc_btn_txt\">Weiter lesen<\/div>\n                      <\/div>\n      \t<\/a>\n        \n                \n      <\/div>                           \n \t<\/div>  <\/div>      \n        \n<\/div>\n\n\n\n\n<div id=\"uc_post_grid_elementor_1e675cb_item2\" class=\"uc_post_grid_style_one_item ue_post_grid_item ue-item\">\n  \n      <a class=\"uc_post_grid_style_one_image\" href='https:\/\/www.winter-markiertechnik.com\/en\/alles-gute-fuer-den-neuen-lebensabschnitt-liebe-birgit-%f0%9f%8e%89\/' target=\"_self\">\n     <div class=\"uc_post_image\">\n       <img decoding=\"async\" src=\"https:\/\/www.winter-markiertechnik.com\/wp-content\/uploads\/2025\/07\/birgit-e1752042604186.jpg\"  alt=\"birgit\" width=\"1080\" height=\"1175\">\n       <div class=\"uc_post_image_overlay\"><\/div>\n     <\/div>\n    <\/a>\n   \n  <div class=\"uc_content\">\n    <div class=\"uc_content_inner\">\n      <div class=\"uc_content-info-wrapper\" >\n        \n       \n              \n\n            \t\t\t<div class=\"uc_post_title\"><a class=\"\" href='https:\/\/www.winter-markiertechnik.com\/en\/alles-gute-fuer-den-neuen-lebensabschnitt-liebe-birgit-%f0%9f%8e%89\/' target=\"_self\"><div class=\"ue_p_title\">Alles Gute f\u00fcr den neuen Lebensabschnitt, liebe Birgit! \ud83c\udf89<\/div><\/a><\/div>\n      \t\n                      \n       \n        <div class=\"ue-meta-data\">\n            \n                \t    \n                \n        \n\t\n                \n                \n                \n                \n    \t\t\t\n      \n            \n  <\/div>\t\n      \t<div class=\"uc_post_text\">Nach vielen Jahren voller Engagement, Herzlichkeit und unz\u00e4hligen gemeinsamen Momenten verabschieden...<\/div>\n     \n                 \n                            \n                                  \n     <\/div>                      \n           <div class=\"uc_post_button\">\n        \n        <a class=\"uc_more_btn\" target=\"_self\" href='https:\/\/www.winter-markiertechnik.com\/en\/alles-gute-fuer-den-neuen-lebensabschnitt-liebe-birgit-%f0%9f%8e%89\/'>\n          <div class=\"uc_btn_inner\">\n            <div class=\"uc_btn_txt\">Weiter lesen<\/div>\n                      <\/div>\n      \t<\/a>\n        \n                \n      <\/div>                           \n \t<\/div>  <\/div>      \n        \n<\/div>\n\n\n\n\n<div id=\"uc_post_grid_elementor_1e675cb_item3\" class=\"uc_post_grid_style_one_item ue_post_grid_item ue-item\">\n  \n      <a class=\"uc_post_grid_style_one_image\" href='https:\/\/www.winter-markiertechnik.com\/en\/e-power-tour-2023\/' target=\"_self\">\n     <div class=\"uc_post_image\">\n       <img loading=\"lazy\" decoding=\"async\" src=\"https:\/\/www.winter-markiertechnik.com\/wp-content\/uploads\/2025\/03\/EPowertour2023-2.jpg\"  alt=\"EPowertour2023-2\" width=\"1000\" height=\"652\">\n       <div class=\"uc_post_image_overlay\"><\/div>\n     <\/div>\n    <\/a>\n   \n  <div class=\"uc_content\">\n    <div class=\"uc_content_inner\">\n      <div class=\"uc_content-info-wrapper\" >\n        \n       \n              \n\n            \t\t\t<div class=\"uc_post_title\"><a class=\"\" href='https:\/\/www.winter-markiertechnik.com\/en\/e-power-tour-2023\/' target=\"_self\"><div class=\"ue_p_title\">E-POWER Tour 2023<\/div><\/a><\/div>\n      \t\n                      \n       \n        <div class=\"ue-meta-data\">\n            \n                \t    \n                \n        \n\t\n                \n                \n                \n                \n    \t\t\t\n      \n            \n  <\/div>\t\n      \t<div class=\"uc_post_text\">Exzellente Technik, die begeistert \u2013 die E-POWER Tour von Graco und Winter Markiertechnik war rundum...<\/div>\n     \n                 \n                            \n                                  \n     <\/div>                      \n           <div class=\"uc_post_button\">\n        \n        <a class=\"uc_more_btn\" target=\"_self\" href='https:\/\/www.winter-markiertechnik.com\/en\/e-power-tour-2023\/'>\n          <div class=\"uc_btn_inner\">\n            <div class=\"uc_btn_txt\">Weiter lesen<\/div>\n                      <\/div>\n      \t<\/a>\n        \n                \n      <\/div>                           \n \t<\/div>  <\/div>      \n        \n<\/div>\n\n\n\n\n<div id=\"uc_post_grid_elementor_1e675cb_item4\" class=\"uc_post_grid_style_one_item ue_post_grid_item ue-item\">\n  \n      <a class=\"uc_post_grid_style_one_image\" href='https:\/\/www.winter-markiertechnik.com\/en\/e-power-tour-2023-2\/' target=\"_self\">\n     <div class=\"uc_post_image\">\n       <img loading=\"lazy\" decoding=\"async\" src=\"https:\/\/www.winter-markiertechnik.com\/wp-content\/uploads\/2025\/03\/SocialMedia.jpg\"  alt=\"SocialMedia\" width=\"800\" height=\"800\">\n       <div class=\"uc_post_image_overlay\"><\/div>\n     <\/div>\n    <\/a>\n   \n  <div class=\"uc_content\">\n    <div class=\"uc_content_inner\">\n      <div class=\"uc_content-info-wrapper\" >\n        \n       \n              \n\n            \t\t\t<div class=\"uc_post_title\"><a class=\"\" href='https:\/\/www.winter-markiertechnik.com\/en\/e-power-tour-2023-2\/' target=\"_self\"><div class=\"ue_p_title\">E-POWER Tour 2023<\/div><\/a><\/div>\n      \t\n                      \n       \n        <div class=\"ue-meta-data\">\n            \n                \t    \n                \n        \n\t\n                \n                \n                \n                \n    \t\t\t\n      \n            \n  <\/div>\t\n      \t<div class=\"uc_post_text\">Besuchen Sie Graco und WINTER Markiertechnik auf der Graco E-POWER Tour.<\/div>\n     \n                 \n                            \n                                  \n     <\/div>                      \n           <div class=\"uc_post_button\">\n        \n        <a class=\"uc_more_btn\" target=\"_self\" href='https:\/\/www.winter-markiertechnik.com\/en\/e-power-tour-2023-2\/'>\n          <div class=\"uc_btn_inner\">\n            <div class=\"uc_btn_txt\">Weiter lesen<\/div>\n                      <\/div>\n      \t<\/a>\n        \n                \n      <\/div>                           \n \t<\/div>  <\/div>      \n        \n<\/div>\n\n\t\t<\/div>\n\t<\/div>\n\n\n\n  <div id=\"uc_post_grid_elementor_1e675cb_empty_message\" class=\"ue-no-posts-found\"  style=\"display:none\" >No posts found<\/div>\n\n\n<!-- end Post Grid -->\t\t\t\t<\/div>\n\t\t\t\t<\/div>\n\t\t\t\t\t<\/div>\n\t\t\t\t<\/div>\n\t\t\t\t<\/div>","protected":false},"excerpt":{"rendered":"<p>Innovative Entwicklung f\u00fcr Ihren Erfolg! Wir stellen die Anforderungen des Kunden in den Mittelpunkt! Das ist WINTER\u200b Mit ihrem Know-how im Stra\u00dfenbau hat sich die WINTER Markiertechnik GmbH seit vielen Jahren auch auf die Entwicklung und Produktion innovativer und leistungsf\u00e4higer Stra\u00dfenmarkiermaschinen spezialisiert. F\u00fcr jede Markieraufgabe, egal ob Strukturmarkierungen, Dickschichtmarkierungen oder Spritzapplikationen im AIRSPRAY, AIRLESS oder [&hellip;]<\/p>","protected":false},"author":0,"featured_media":0,"parent":0,"menu_order":0,"comment_status":"closed","ping_status":"closed","template":"","meta":{"footnotes":""},"folder":[],"class_list":["post-4","page","type-page","status-publish","hentry"],"_links":{"self":[{"href":"https:\/\/www.winter-markiertechnik.com\/en\/wp-json\/wp\/v2\/pages\/4","targetHints":{"allow":["GET"]}}],"collection":[{"href":"https:\/\/www.winter-markiertechnik.com\/en\/wp-json\/wp\/v2\/pages"}],"about":[{"href":"https:\/\/www.winter-markiertechnik.com\/en\/wp-json\/wp\/v2\/types\/page"}],"replies":[{"embeddable":true,"href":"https:\/\/www.winter-markiertechnik.com\/en\/wp-json\/wp\/v2\/comments?post=4"}],"version-history":[{"count":126,"href":"https:\/\/www.winter-markiertechnik.com\/en\/wp-json\/wp\/v2\/pages\/4\/revisions"}],"predecessor-version":[{"id":44304,"href":"https:\/\/www.winter-markiertechnik.com\/en\/wp-json\/wp\/v2\/pages\/4\/revisions\/44304"}],"wp:attachment":[{"href":"https:\/\/www.winter-markiertechnik.com\/en\/wp-json\/wp\/v2\/media?parent=4"}],"wp:term":[{"taxonomy":"folder","embeddable":true,"href":"https:\/\/www.winter-markiertechnik.com\/en\/wp-json\/wp\/v2\/folder?post=4"}],"curies":[{"name":"wp","href":"https:\/\/api.w.org\/{rel}","templated":true}]}}